{"id":879,"date":"2021-04-13T07:55:48","date_gmt":"2021-04-13T07:55:48","guid":{"rendered":"https:\/\/www.tahirmeral.com.tr\/?page_id=879"},"modified":"2021-04-15T07:35:00","modified_gmt":"2021-04-15T07:35:00","slug":"devam-eden-projeler","status":"publish","type":"page","link":"https:\/\/www.tahirmeral.com.tr\/?page_id=879","title":{"rendered":"Devam Eden Projeler"},"content":{"rendered":"\t\t<div data-elementor-type=\"wp-page\" data-elementor-id=\"879\" class=\"elementor elementor-879\" data-elementor-settings=\"[]\">\n\t\t\t\t\t\t\t<div class=\"elementor-section-wrap\">\n\t\t\t\t\t\t\t<section class=\"elementor-section elementor-top-section elementor-element elementor-element-082774e elementor-section-boxed elementor-section-height-default elementor-section-height-default\" data-id=\"082774e\" data-element_type=\"section\">\r\n\t\t\t\r\n\t\t\t\t\t\t\t\t\t<div class=\"elementor-container elementor-column-gap-default\">\r\n\t\t\t\t\t\t\t\t\t\t\t<div class=\"elementor-column elementor-col-100 elementor-top-column elementor-element elementor-element-c146de9\" data-id=\"c146de9\" data-element_type=\"column\">\n\t\t\t<div class=\"elementor-widget-wrap elementor-element-populated\">\n\t\t\t\t\t\t\t\t<div class=\"elementor-element elementor-element-82219e9 elementor-widget elementor-widget-porto_portfolios\" data-id=\"82219e9\" data-element_type=\"widget\" data-widget_type=\"porto_portfolios.default\">\n\t\t\t\t<div class=\"elementor-widget-container\">\n\t\t\t<div id=\"porto-portfolio-3218\" class=\"porto-portfolios porto-portfolios13fc1c7b47a7b42b8d75c9af70e98f7d wpb_content_element \">\n\t\n\t<div class=\"page-portfolios portfolios-grid clearfix \">\n\n\t\n\t\n\t\t\t<div class=\"portfolio-row portfolio-row-3 classic\">\n\n\t\n\t\t<article class=\"portfolio portfolio-grid portfolio-col-3 devam-eden-projeler post-2191 type-portfolio status-publish has-post-thumbnail hentry portfolio_cat-devam-eden-projeler\">\n\t\t<span class=\"entry-title\" style=\"display: none;\">\u0130nfinity<\/span><span class=\"vcard\" style=\"display: none;\"><span class=\"fn\"><a href=\"https:\/\/www.tahirmeral.com.tr\/?author=2\" title=\"Mir Medya taraf\u0131ndan yaz\u0131lan yaz\u0131lar\" rel=\"author\">Mir Medya<\/a><\/span><\/span><span class=\"updated\" style=\"display:none\">2024-12-28T16:35:46+00:00<\/span>\t\t<div class=\"portfolio-item full\">\n\t\t\t\n\t\t\t<a class=\"text-decoration-none portfolio-link\" href=\"https:\/\/www.tahirmeral.com.tr\/?portfolio=infinity\">\n\t\t\t\t<span class=\"thumb-info thumb-info-no-borders thumb-info-lighten\">\n\t\t\t\t\t<span class=\"thumb-info-wrapper\">\n\t\t\t\t\t\t\t\t\t\t\t\t\t\t\t<img loading=\"lazy\" class=\"img-responsive\" src=\"https:\/\/www.tahirmeral.com.tr\/wp-content\/uploads\/2024\/12\/Infinity_15_Temmuz_Satilik_Daire-12-367x367.jpg\" alt=\"\" width=\"367\" height=\"367\" \/>\n\t\t\t\t\t\t\t\t\t\n\t\t\t\t\t\t\n\t\t\t\t\t\t\n\t\t\t\t\t\t\t\t\t\t\t\t\t\t\t\t<span class=\"thumb-info-title\">\n\n\t\t\t\t\t\t\t\t\t\t<span class=\"thumb-info-inner\">\u0130nfinity<\/span>\n\n\t\t\t\t\t\t\t\t\t\t\t\t\t\t\t\t\t\t\t\t\t<span class=\"thumb-info-type\">Devam Eden Projeler<\/span>\n\t\t\t\t\t\t\t\t\t\t\n\t\t\t\t\t\t\t\t\t<\/span>\n\t\t\t\t\t\t\t\t\t\t\t\t\t\t\t\t\t\t\t\t\t\t\t\t\t\t\t\t\t\t\t<\/span>\n\t\t\t\t<\/span>\n\t\t\t<\/a>\n\t\t\t\t\t\t\t\t<\/div>\n\t<\/article>\n\t\t<article class=\"portfolio portfolio-grid portfolio-col-3 devam-eden-projeler post-2051 type-portfolio status-publish has-post-thumbnail hentry portfolio_cat-devam-eden-projeler\">\n\t\t<span class=\"entry-title\" style=\"display: none;\">Akropol Suit<\/span><span class=\"vcard\" style=\"display: none;\"><span class=\"fn\"><a href=\"https:\/\/www.tahirmeral.com.tr\/?author=2\" title=\"Mir Medya taraf\u0131ndan yaz\u0131lan yaz\u0131lar\" rel=\"author\">Mir Medya<\/a><\/span><\/span><span class=\"updated\" style=\"display:none\">2024-10-11T18:58:06+00:00<\/span>\t\t<div class=\"portfolio-item full\">\n\t\t\t\n\t\t\t<a class=\"text-decoration-none portfolio-link\" href=\"https:\/\/www.tahirmeral.com.tr\/?portfolio=bestepede-yeni-proje\">\n\t\t\t\t<span class=\"thumb-info thumb-info-no-borders thumb-info-lighten\">\n\t\t\t\t\t<span class=\"thumb-info-wrapper\">\n\t\t\t\t\t\t\t\t\t\t\t\t\t\t\t<img loading=\"lazy\" class=\"img-responsive\" src=\"https:\/\/www.tahirmeral.com.tr\/wp-content\/uploads\/2023\/06\/onkolojide-satilik-sifir-daire-1-367x367.jpg\" alt=\"\" width=\"367\" height=\"367\" \/>\n\t\t\t\t\t\t\t\t\t\n\t\t\t\t\t\t\n\t\t\t\t\t\t\n\t\t\t\t\t\t\t\t\t\t\t\t\t\t\t\t<span class=\"thumb-info-title\">\n\n\t\t\t\t\t\t\t\t\t\t<span class=\"thumb-info-inner\">Akropol Suit<\/span>\n\n\t\t\t\t\t\t\t\t\t\t\t\t\t\t\t\t\t\t\t\t\t<span class=\"thumb-info-type\">Devam Eden Projeler<\/span>\n\t\t\t\t\t\t\t\t\t\t\n\t\t\t\t\t\t\t\t\t<\/span>\n\t\t\t\t\t\t\t\t\t\t\t\t\t\t\t\t\t\t\t\t\t\t\t\t\t\t\t\t\t\t\t<\/span>\n\t\t\t\t<\/span>\n\t\t\t<\/a>\n\t\t\t\t\t\t\t\t<\/div>\n\t<\/article>\n\t\t<article class=\"portfolio portfolio-grid portfolio-col-3 devam-eden-projeler post-1936 type-portfolio status-publish has-post-thumbnail hentry portfolio_cat-devam-eden-projeler\">\n\t\t<span class=\"entry-title\" style=\"display: none;\">Birecik Plaza<\/span><span class=\"vcard\" style=\"display: none;\"><span class=\"fn\"><a href=\"https:\/\/www.tahirmeral.com.tr\/?author=2\" title=\"Mir Medya taraf\u0131ndan yaz\u0131lan yaz\u0131lar\" rel=\"author\">Mir Medya<\/a><\/span><\/span><span class=\"updated\" style=\"display:none\">2024-10-11T19:08:40+00:00<\/span>\t\t<div class=\"portfolio-item full\">\n\t\t\t\n\t\t\t<a class=\"text-decoration-none portfolio-link\" href=\"https:\/\/www.tahirmeral.com.tr\/?portfolio=birecik-plaza\">\n\t\t\t\t<span class=\"thumb-info thumb-info-no-borders thumb-info-lighten\">\n\t\t\t\t\t<span class=\"thumb-info-wrapper\">\n\t\t\t\t\t\t\t\t\t\t\t\t\t\t\t<img loading=\"lazy\" class=\"img-responsive\" src=\"https:\/\/www.tahirmeral.com.tr\/wp-content\/uploads\/2024\/10\/3-367x367.jpg\" alt=\"\" width=\"367\" height=\"367\" \/>\n\t\t\t\t\t\t\t\t\t\n\t\t\t\t\t\t\n\t\t\t\t\t\t\n\t\t\t\t\t\t\t\t\t\t\t\t\t\t\t\t<span class=\"thumb-info-title\">\n\n\t\t\t\t\t\t\t\t\t\t<span class=\"thumb-info-inner\">Birecik Plaza<\/span>\n\n\t\t\t\t\t\t\t\t\t\t\t\t\t\t\t\t\t\t\t\t\t<span class=\"thumb-info-type\">Devam Eden Projeler<\/span>\n\t\t\t\t\t\t\t\t\t\t\n\t\t\t\t\t\t\t\t\t<\/span>\n\t\t\t\t\t\t\t\t\t\t\t\t\t\t\t\t\t\t\t\t\t\t\t\t\t\t\t\t\t\t\t<\/span>\n\t\t\t\t<\/span>\n\t\t\t<\/a>\n\t\t\t\t\t\t\t\t<\/div>\n\t<\/article>\n\t\t<article class=\"portfolio portfolio-grid portfolio-col-3 devam-eden-projeler post-1883 type-portfolio status-publish has-post-thumbnail hentry portfolio_cat-devam-eden-projeler\">\n\t\t<span class=\"entry-title\" style=\"display: none;\">Entepe Modern<\/span><span class=\"vcard\" style=\"display: none;\"><span class=\"fn\"><a href=\"https:\/\/www.tahirmeral.com.tr\/?author=2\" title=\"Mir Medya taraf\u0131ndan yaz\u0131lan yaz\u0131lar\" rel=\"author\">Mir Medya<\/a><\/span><\/span><span class=\"updated\" style=\"display:none\">2025-01-03T16:12:09+00:00<\/span>\t\t<div class=\"portfolio-item full\">\n\t\t\t\n\t\t\t<a class=\"text-decoration-none portfolio-link\" href=\"https:\/\/www.tahirmeral.com.tr\/?portfolio=entepe\">\n\t\t\t\t<span class=\"thumb-info thumb-info-no-borders thumb-info-lighten\">\n\t\t\t\t\t<span class=\"thumb-info-wrapper\">\n\t\t\t\t\t\t\t\t\t\t\t\t\t\t\t<img loading=\"lazy\" class=\"img-responsive\" src=\"https:\/\/www.tahirmeral.com.tr\/wp-content\/uploads\/2023\/01\/ENTEPE-MODERN-367x367.jpeg\" alt=\"\" width=\"367\" height=\"367\" \/>\n\t\t\t\t\t\t\t\t\t\n\t\t\t\t\t\t\n\t\t\t\t\t\t\n\t\t\t\t\t\t\t\t\t\t\t\t\t\t\t\t<span class=\"thumb-info-title\">\n\n\t\t\t\t\t\t\t\t\t\t<span class=\"thumb-info-inner\">Entepe Modern<\/span>\n\n\t\t\t\t\t\t\t\t\t\t\t\t\t\t\t\t\t\t\t\t\t<span class=\"thumb-info-type\">Devam Eden Projeler<\/span>\n\t\t\t\t\t\t\t\t\t\t\n\t\t\t\t\t\t\t\t\t<\/span>\n\t\t\t\t\t\t\t\t\t\t\t\t\t\t\t\t\t\t\t\t\t\t\t\t\t\t\t\t\t\t\t<\/span>\n\t\t\t\t<\/span>\n\t\t\t<\/a>\n\t\t\t\t\t\t\t\t<\/div>\n\t<\/article>\n\t\n\t\n\t\n\t\t<\/div>\n\n\t\n\t\n\t<\/div>\n\n\t\n\t\n\t<\/div>\t\t<\/div>\n\t\t\t\t<\/div>\n\t\t\t\t\t<\/div>\n\t\t<\/div>\n\t\t\t\t\t\t<\/div>\r\n\t\t\t\t<\/section>\r\n\t\t\t\t\t\t<\/div>\n\t\t\t\t\t<\/div>\n\t\t","protected":false},"excerpt":{"rendered":"<p>Do\u011fa Park Evleri &#8211; 2administrator2021-04-15T07:26:13+00:00 Do\u011fa Park Evleri &#8211; 2 Devam Eden Projeler<\/p>\n","protected":false},"author":1,"featured_media":0,"parent":0,"menu_order":0,"comment_status":"closed","ping_status":"closed","template":"","meta":{"ngg_post_thumbnail":0},"_links":{"self":[{"href":"https:\/\/www.tahirmeral.com.tr\/index.php?rest_route=\/wp\/v2\/pages\/879"}],"collection":[{"href":"https:\/\/www.tahirmeral.com.tr\/index.php?rest_route=\/wp\/v2\/pages"}],"about":[{"href":"https:\/\/www.tahirmeral.com.tr\/index.php?rest_route=\/wp\/v2\/types\/page"}],"author":[{"embeddable":true,"href":"https:\/\/www.tahirmeral.com.tr\/index.php?rest_route=\/wp\/v2\/users\/1"}],"replies":[{"embeddable":true,"href":"https:\/\/www.tahirmeral.com.tr\/index.php?rest_route=%2Fwp%2Fv2%2Fcomments&post=879"}],"version-history":[{"count":13,"href":"https:\/\/www.tahirmeral.com.tr\/index.php?rest_route=\/wp\/v2\/pages\/879\/revisions"}],"predecessor-version":[{"id":962,"href":"https:\/\/www.tahirmeral.com.tr\/index.php?rest_route=\/wp\/v2\/pages\/879\/revisions\/962"}],"wp:attachment":[{"href":"https:\/\/www.tahirmeral.com.tr\/index.php?rest_route=%2Fwp%2Fv2%2Fmedia&parent=879"}],"curies":[{"name":"wp","href":"https:\/\/api.w.org\/{rel}","templated":true}]}}