{"id":865,"date":"2021-04-13T07:41:20","date_gmt":"2021-04-13T07:41:20","guid":{"rendered":"https:\/\/www.tahirmeral.com.tr\/?page_id=865"},"modified":"2023-06-08T12:03:53","modified_gmt":"2023-06-08T12:03:53","slug":"biten-projeler","status":"publish","type":"page","link":"https:\/\/www.tahirmeral.com.tr\/?page_id=865","title":{"rendered":"Biten Projeler"},"content":{"rendered":"\t\t<div data-elementor-type=\"wp-page\" data-elementor-id=\"865\" class=\"elementor elementor-865\" data-elementor-settings=\"[]\">\n\t\t\t\t\t\t\t<div class=\"elementor-section-wrap\">\n\t\t\t\t\t\t\t<section class=\"elementor-section elementor-top-section elementor-element elementor-element-082774e elementor-section-boxed elementor-section-height-default elementor-section-height-default\" data-id=\"082774e\" data-element_type=\"section\">\r\n\t\t\t\r\n\t\t\t\t\t\t\t\t\t<div class=\"elementor-container elementor-column-gap-default\">\r\n\t\t\t\t\t\t\t\t\t\t\t<div class=\"elementor-column elementor-col-100 elementor-top-column elementor-element elementor-element-c146de9\" data-id=\"c146de9\" data-element_type=\"column\">\n\t\t\t<div class=\"elementor-widget-wrap elementor-element-populated\">\n\t\t\t\t\t\t\t\t<div class=\"elementor-element elementor-element-82219e9 elementor-widget elementor-widget-porto_portfolios\" data-id=\"82219e9\" data-element_type=\"widget\" data-widget_type=\"porto_portfolios.default\">\n\t\t\t\t<div class=\"elementor-widget-container\">\n\t\t\t<div id=\"porto-portfolio-7436\" class=\"porto-portfolios porto-portfoliosf0adb495bf92928c4066daa59800a8ed wpb_content_element \">\n\t\n\t<div class=\"page-portfolios portfolios-grid clearfix \">\n\n\t\n\t\n\t\t\t<div class=\"portfolio-row portfolio-row-4 classic\">\n\n\t\n\t\t<article class=\"portfolio portfolio-grid portfolio-col-4 tamamlanan-projeler post-1187 type-portfolio status-publish has-post-thumbnail hentry portfolio_cat-tamamlanan-projeler\">\n\t\t<span class=\"entry-title\" style=\"display: none;\">Do\u011fa Park Evleri2<\/span><span class=\"vcard\" style=\"display: none;\"><span class=\"fn\"><a href=\"https:\/\/www.tahirmeral.com.tr\/?author=1\" title=\"administrator taraf\u0131ndan yaz\u0131lan yaz\u0131lar\" rel=\"author\">administrator<\/a><\/span><\/span><span class=\"updated\" style=\"display:none\">2021-05-31T12:36:21+00:00<\/span>\t\t<div class=\"portfolio-item full\">\n\t\t\t\n\t\t\t<a class=\"text-decoration-none portfolio-link\" href=\"https:\/\/www.tahirmeral.com.tr\/?portfolio=doga-park-evleri2\">\n\t\t\t\t<span class=\"thumb-info thumb-info-no-borders thumb-info-lighten\">\n\t\t\t\t\t<span class=\"thumb-info-wrapper\">\n\t\t\t\t\t\t\t\t\t\t\t\t\t\t\t<img loading=\"lazy\" class=\"img-responsive\" src=\"https:\/\/www.tahirmeral.com.tr\/wp-content\/uploads\/2021\/04\/50288017_4-367x367.jpg\" alt=\"\" width=\"367\" height=\"367\" \/>\n\t\t\t\t\t\t\t\t\t\n\t\t\t\t\t\t\n\t\t\t\t\t\t\n\t\t\t\t\t\t\t\t\t\t\t\t\t\t\t\t<span class=\"thumb-info-title\">\n\n\t\t\t\t\t\t\t\t\t\t<span class=\"thumb-info-inner\">Do\u011fa Park Evleri2<\/span>\n\n\t\t\t\t\t\t\t\t\t\t\t\t\t\t\t\t\t\t\t\t\t<span class=\"thumb-info-type\">Tamamlanan Projeler<\/span>\n\t\t\t\t\t\t\t\t\t\t\n\t\t\t\t\t\t\t\t\t<\/span>\n\t\t\t\t\t\t\t\t\t\t\t\t\t\t\t\t\t\t\t\t\t\t\t\t\t\t\t\t\t\t\t<\/span>\n\t\t\t\t<\/span>\n\t\t\t<\/a>\n\t\t\t\t\t\t\t\t<\/div>\n\t<\/article>\n\t\t<article class=\"portfolio portfolio-grid portfolio-col-4 tamamlanan-projeler post-1181 type-portfolio status-publish has-post-thumbnail hentry portfolio_cat-tamamlanan-projeler\">\n\t\t<span class=\"entry-title\" style=\"display: none;\">Caner Apartman\u0131<\/span><span class=\"vcard\" style=\"display: none;\"><span class=\"fn\"><a href=\"https:\/\/www.tahirmeral.com.tr\/?author=1\" title=\"administrator taraf\u0131ndan yaz\u0131lan yaz\u0131lar\" rel=\"author\">administrator<\/a><\/span><\/span><span class=\"updated\" style=\"display:none\">2021-05-31T12:36:18+00:00<\/span>\t\t<div class=\"portfolio-item full\">\n\t\t\t\n\t\t\t<a class=\"text-decoration-none portfolio-link\" href=\"https:\/\/www.tahirmeral.com.tr\/?portfolio=caner-apartmani\">\n\t\t\t\t<span class=\"thumb-info thumb-info-no-borders thumb-info-lighten\">\n\t\t\t\t\t<span class=\"thumb-info-wrapper\">\n\t\t\t\t\t\t\t\t\t\t\t\t\t\t\t<img loading=\"lazy\" class=\"img-responsive\" src=\"https:\/\/www.tahirmeral.com.tr\/wp-content\/uploads\/2021\/04\/caner1-367x367.jpg\" alt=\"\" width=\"367\" height=\"367\" \/>\n\t\t\t\t\t\t\t\t\t\n\t\t\t\t\t\t\n\t\t\t\t\t\t\n\t\t\t\t\t\t\t\t\t\t\t\t\t\t\t\t<span class=\"thumb-info-title\">\n\n\t\t\t\t\t\t\t\t\t\t<span class=\"thumb-info-inner\">Caner Apartman\u0131<\/span>\n\n\t\t\t\t\t\t\t\t\t\t\t\t\t\t\t\t\t\t\t\t\t<span class=\"thumb-info-type\">Tamamlanan Projeler<\/span>\n\t\t\t\t\t\t\t\t\t\t\n\t\t\t\t\t\t\t\t\t<\/span>\n\t\t\t\t\t\t\t\t\t\t\t\t\t\t\t\t\t\t\t\t\t\t\t\t\t\t\t\t\t\t\t<\/span>\n\t\t\t\t<\/span>\n\t\t\t<\/a>\n\t\t\t\t\t\t\t\t<\/div>\n\t<\/article>\n\t\t<article class=\"portfolio portfolio-grid portfolio-col-4 tamamlanan-projeler post-1168 type-portfolio status-publish has-post-thumbnail hentry portfolio_cat-tamamlanan-projeler\">\n\t\t<span class=\"entry-title\" style=\"display: none;\">Asude Apartman\u0131<\/span><span class=\"vcard\" style=\"display: none;\"><span class=\"fn\"><a href=\"https:\/\/www.tahirmeral.com.tr\/?author=1\" title=\"administrator taraf\u0131ndan yaz\u0131lan yaz\u0131lar\" rel=\"author\">administrator<\/a><\/span><\/span><span class=\"updated\" style=\"display:none\">2021-05-31T12:36:38+00:00<\/span>\t\t<div class=\"portfolio-item full\">\n\t\t\t\n\t\t\t<a class=\"text-decoration-none portfolio-link\" href=\"https:\/\/www.tahirmeral.com.tr\/?portfolio=ikranur-apartmani-4\">\n\t\t\t\t<span class=\"thumb-info thumb-info-no-borders thumb-info-lighten\">\n\t\t\t\t\t<span class=\"thumb-info-wrapper\">\n\t\t\t\t\t\t\t\t\t\t\t\t\t\t\t<img loading=\"lazy\" class=\"img-responsive\" src=\"https:\/\/www.tahirmeral.com.tr\/wp-content\/uploads\/2021\/04\/asude3-367x367.jpg\" alt=\"\" width=\"367\" height=\"367\" \/>\n\t\t\t\t\t\t\t\t\t\n\t\t\t\t\t\t\n\t\t\t\t\t\t\n\t\t\t\t\t\t\t\t\t\t\t\t\t\t\t\t<span class=\"thumb-info-title\">\n\n\t\t\t\t\t\t\t\t\t\t<span class=\"thumb-info-inner\">Asude Apartman\u0131<\/span>\n\n\t\t\t\t\t\t\t\t\t\t\t\t\t\t\t\t\t\t\t\t\t<span class=\"thumb-info-type\">Tamamlanan Projeler<\/span>\n\t\t\t\t\t\t\t\t\t\t\n\t\t\t\t\t\t\t\t\t<\/span>\n\t\t\t\t\t\t\t\t\t\t\t\t\t\t\t\t\t\t\t\t\t\t\t\t\t\t\t\t\t\t\t<\/span>\n\t\t\t\t<\/span>\n\t\t\t<\/a>\n\t\t\t\t\t\t\t\t<\/div>\n\t<\/article>\n\t\t<article class=\"portfolio portfolio-grid portfolio-col-4 tamamlanan-projeler post-1160 type-portfolio status-publish has-post-thumbnail hentry portfolio_cat-tamamlanan-projeler\">\n\t\t<span class=\"entry-title\" style=\"display: none;\">Baran Apartman\u0131<\/span><span class=\"vcard\" style=\"display: none;\"><span class=\"fn\"><a href=\"https:\/\/www.tahirmeral.com.tr\/?author=1\" title=\"administrator taraf\u0131ndan yaz\u0131lan yaz\u0131lar\" rel=\"author\">administrator<\/a><\/span><\/span><span class=\"updated\" style=\"display:none\">2021-05-31T12:36:51+00:00<\/span>\t\t<div class=\"portfolio-item full\">\n\t\t\t\n\t\t\t<a class=\"text-decoration-none portfolio-link\" href=\"https:\/\/www.tahirmeral.com.tr\/?portfolio=baran-apartmani\">\n\t\t\t\t<span class=\"thumb-info thumb-info-no-borders thumb-info-lighten\">\n\t\t\t\t\t<span class=\"thumb-info-wrapper\">\n\t\t\t\t\t\t\t\t\t\t\t\t\t\t\t<img loading=\"lazy\" class=\"img-responsive\" src=\"https:\/\/www.tahirmeral.com.tr\/wp-content\/uploads\/2021\/04\/baran1-367x367.jpg\" alt=\"\" width=\"367\" height=\"367\" \/>\n\t\t\t\t\t\t\t\t\t\n\t\t\t\t\t\t\n\t\t\t\t\t\t\n\t\t\t\t\t\t\t\t\t\t\t\t\t\t\t\t<span class=\"thumb-info-title\">\n\n\t\t\t\t\t\t\t\t\t\t<span class=\"thumb-info-inner\">Baran Apartman\u0131<\/span>\n\n\t\t\t\t\t\t\t\t\t\t\t\t\t\t\t\t\t\t\t\t\t<span class=\"thumb-info-type\">Tamamlanan Projeler<\/span>\n\t\t\t\t\t\t\t\t\t\t\n\t\t\t\t\t\t\t\t\t<\/span>\n\t\t\t\t\t\t\t\t\t\t\t\t\t\t\t\t\t\t\t\t\t\t\t\t\t\t\t\t\t\t\t<\/span>\n\t\t\t\t<\/span>\n\t\t\t<\/a>\n\t\t\t\t\t\t\t\t<\/div>\n\t<\/article>\n\t\t<article class=\"portfolio portfolio-grid portfolio-col-4 tamamlanan-projeler post-1152 type-portfolio status-publish has-post-thumbnail hentry portfolio_cat-tamamlanan-projeler\">\n\t\t<span class=\"entry-title\" style=\"display: none;\">Nehir Apartman\u0131<\/span><span class=\"vcard\" style=\"display: none;\"><span class=\"fn\"><a href=\"https:\/\/www.tahirmeral.com.tr\/?author=1\" title=\"administrator taraf\u0131ndan yaz\u0131lan yaz\u0131lar\" rel=\"author\">administrator<\/a><\/span><\/span><span class=\"updated\" style=\"display:none\">2021-05-31T12:36:53+00:00<\/span>\t\t<div class=\"portfolio-item full\">\n\t\t\t\n\t\t\t<a class=\"text-decoration-none portfolio-link\" href=\"https:\/\/www.tahirmeral.com.tr\/?portfolio=nehir-apartmani\">\n\t\t\t\t<span class=\"thumb-info thumb-info-no-borders thumb-info-lighten\">\n\t\t\t\t\t<span class=\"thumb-info-wrapper\">\n\t\t\t\t\t\t\t\t\t\t\t\t\t\t\t<img loading=\"lazy\" class=\"img-responsive\" src=\"https:\/\/www.tahirmeral.com.tr\/wp-content\/uploads\/2021\/04\/nehir2-367x367.jpg\" alt=\"\" width=\"367\" height=\"367\" \/>\n\t\t\t\t\t\t\t\t\t\n\t\t\t\t\t\t\n\t\t\t\t\t\t\n\t\t\t\t\t\t\t\t\t\t\t\t\t\t\t\t<span class=\"thumb-info-title\">\n\n\t\t\t\t\t\t\t\t\t\t<span class=\"thumb-info-inner\">Nehir Apartman\u0131<\/span>\n\n\t\t\t\t\t\t\t\t\t\t\t\t\t\t\t\t\t\t\t\t\t<span class=\"thumb-info-type\">Tamamlanan Projeler<\/span>\n\t\t\t\t\t\t\t\t\t\t\n\t\t\t\t\t\t\t\t\t<\/span>\n\t\t\t\t\t\t\t\t\t\t\t\t\t\t\t\t\t\t\t\t\t\t\t\t\t\t\t\t\t\t\t<\/span>\n\t\t\t\t<\/span>\n\t\t\t<\/a>\n\t\t\t\t\t\t\t\t<\/div>\n\t<\/article>\n\t\t<article class=\"portfolio portfolio-grid portfolio-col-4 tamamlanan-projeler post-1135 type-portfolio status-publish has-post-thumbnail hentry portfolio_cat-tamamlanan-projeler\">\n\t\t<span class=\"entry-title\" style=\"display: none;\">Do\u011fa Park Evleri 3<\/span><span class=\"vcard\" style=\"display: none;\"><span class=\"fn\"><a href=\"https:\/\/www.tahirmeral.com.tr\/?author=1\" title=\"administrator taraf\u0131ndan yaz\u0131lan yaz\u0131lar\" rel=\"author\">administrator<\/a><\/span><\/span><span class=\"updated\" style=\"display:none\">2021-05-31T12:36:55+00:00<\/span>\t\t<div class=\"portfolio-item full\">\n\t\t\t\n\t\t\t<a class=\"text-decoration-none portfolio-link\" href=\"https:\/\/www.tahirmeral.com.tr\/?portfolio=doga-park-evleri1-2\">\n\t\t\t\t<span class=\"thumb-info thumb-info-no-borders thumb-info-lighten\">\n\t\t\t\t\t<span class=\"thumb-info-wrapper\">\n\t\t\t\t\t\t\t\t\t\t\t\t\t\t\t<img loading=\"lazy\" class=\"img-responsive\" src=\"https:\/\/www.tahirmeral.com.tr\/wp-content\/uploads\/2021\/04\/88994318_ana-367x367.jpg\" alt=\"\" width=\"367\" height=\"367\" \/>\n\t\t\t\t\t\t\t\t\t\n\t\t\t\t\t\t\n\t\t\t\t\t\t\n\t\t\t\t\t\t\t\t\t\t\t\t\t\t\t\t<span class=\"thumb-info-title\">\n\n\t\t\t\t\t\t\t\t\t\t<span class=\"thumb-info-inner\">Do\u011fa Park Evleri 3<\/span>\n\n\t\t\t\t\t\t\t\t\t\t\t\t\t\t\t\t\t\t\t\t\t<span class=\"thumb-info-type\">Tamamlanan Projeler<\/span>\n\t\t\t\t\t\t\t\t\t\t\n\t\t\t\t\t\t\t\t\t<\/span>\n\t\t\t\t\t\t\t\t\t\t\t\t\t\t\t\t\t\t\t\t\t\t\t\t\t\t\t\t\t\t\t<\/span>\n\t\t\t\t<\/span>\n\t\t\t<\/a>\n\t\t\t\t\t\t\t\t<\/div>\n\t<\/article>\n\t\t<article class=\"portfolio portfolio-grid portfolio-col-4 tamamlanan-projeler post-1121 type-portfolio status-publish has-post-thumbnail hentry portfolio_cat-tamamlanan-projeler\">\n\t\t<span class=\"entry-title\" style=\"display: none;\">Do\u011fa Park Evleri1<\/span><span class=\"vcard\" style=\"display: none;\"><span class=\"fn\"><a href=\"https:\/\/www.tahirmeral.com.tr\/?author=1\" title=\"administrator taraf\u0131ndan yaz\u0131lan yaz\u0131lar\" rel=\"author\">administrator<\/a><\/span><\/span><span class=\"updated\" style=\"display:none\">2021-05-31T12:37:04+00:00<\/span>\t\t<div class=\"portfolio-item full\">\n\t\t\t\n\t\t\t<a class=\"text-decoration-none portfolio-link\" href=\"https:\/\/www.tahirmeral.com.tr\/?portfolio=doga-park-evleri1\">\n\t\t\t\t<span class=\"thumb-info thumb-info-no-borders thumb-info-lighten\">\n\t\t\t\t\t<span class=\"thumb-info-wrapper\">\n\t\t\t\t\t\t\t\t\t\t\t\t\t\t\t<img loading=\"lazy\" class=\"img-responsive\" src=\"https:\/\/www.tahirmeral.com.tr\/wp-content\/uploads\/2021\/04\/dp1-367x367.jpg\" alt=\"\" width=\"367\" height=\"367\" \/>\n\t\t\t\t\t\t\t\t\t\n\t\t\t\t\t\t\n\t\t\t\t\t\t\n\t\t\t\t\t\t\t\t\t\t\t\t\t\t\t\t<span class=\"thumb-info-title\">\n\n\t\t\t\t\t\t\t\t\t\t<span class=\"thumb-info-inner\">Do\u011fa Park Evleri1<\/span>\n\n\t\t\t\t\t\t\t\t\t\t\t\t\t\t\t\t\t\t\t\t\t<span class=\"thumb-info-type\">Tamamlanan Projeler<\/span>\n\t\t\t\t\t\t\t\t\t\t\n\t\t\t\t\t\t\t\t\t<\/span>\n\t\t\t\t\t\t\t\t\t\t\t\t\t\t\t\t\t\t\t\t\t\t\t\t\t\t\t\t\t\t\t<\/span>\n\t\t\t\t<\/span>\n\t\t\t<\/a>\n\t\t\t\t\t\t\t\t<\/div>\n\t<\/article>\n\t\t<article class=\"portfolio portfolio-grid portfolio-col-4 tamamlanan-projeler post-1093 type-portfolio status-publish has-post-thumbnail hentry portfolio_cat-tamamlanan-projeler\">\n\t\t<span class=\"entry-title\" style=\"display: none;\">Kanyon Antep<\/span><span class=\"vcard\" style=\"display: none;\"><span class=\"fn\"><a href=\"https:\/\/www.tahirmeral.com.tr\/?author=2\" title=\"Mir Medya taraf\u0131ndan yaz\u0131lan yaz\u0131lar\" rel=\"author\">Mir Medya<\/a><\/span><\/span><span class=\"updated\" style=\"display:none\">2023-06-08T11:21:44+00:00<\/span>\t\t<div class=\"portfolio-item full\">\n\t\t\t\n\t\t\t<a class=\"text-decoration-none portfolio-link\" href=\"https:\/\/www.tahirmeral.com.tr\/?portfolio=soft\">\n\t\t\t\t<span class=\"thumb-info thumb-info-no-borders thumb-info-lighten\">\n\t\t\t\t\t<span class=\"thumb-info-wrapper\">\n\t\t\t\t\t\t\t\t\t\t\t\t\t\t\t<img loading=\"lazy\" class=\"img-responsive\" src=\"https:\/\/www.tahirmeral.com.tr\/wp-content\/uploads\/2021\/04\/kanyon-final2-367x367.jpeg\" alt=\"\" width=\"367\" height=\"367\" \/>\n\t\t\t\t\t\t\t\t\t\n\t\t\t\t\t\t\n\t\t\t\t\t\t\n\t\t\t\t\t\t\t\t\t\t\t\t\t\t\t\t<span class=\"thumb-info-title\">\n\n\t\t\t\t\t\t\t\t\t\t<span class=\"thumb-info-inner\">Kanyon Antep<\/span>\n\n\t\t\t\t\t\t\t\t\t\t\t\t\t\t\t\t\t\t\t\t\t<span class=\"thumb-info-type\">Tamamlanan Projeler<\/span>\n\t\t\t\t\t\t\t\t\t\t\n\t\t\t\t\t\t\t\t\t<\/span>\n\t\t\t\t\t\t\t\t\t\t\t\t\t\t\t\t\t\t\t\t\t\t\t\t\t\t\t\t\t\t\t<\/span>\n\t\t\t\t<\/span>\n\t\t\t<\/a>\n\t\t\t\t\t\t\t\t<\/div>\n\t<\/article>\n\t\t<article class=\"portfolio portfolio-grid portfolio-col-4 tamamlanan-projeler post-1079 type-portfolio status-publish has-post-thumbnail hentry portfolio_cat-tamamlanan-projeler\">\n\t\t<span class=\"entry-title\" style=\"display: none;\">Maslak Cadde<\/span><span class=\"vcard\" style=\"display: none;\"><span class=\"fn\"><a href=\"https:\/\/www.tahirmeral.com.tr\/?author=2\" title=\"Mir Medya taraf\u0131ndan yaz\u0131lan yaz\u0131lar\" rel=\"author\">Mir Medya<\/a><\/span><\/span><span class=\"updated\" style=\"display:none\">2023-06-08T11:34:46+00:00<\/span>\t\t<div class=\"portfolio-item full\">\n\t\t\t\n\t\t\t<a class=\"text-decoration-none portfolio-link\" href=\"https:\/\/www.tahirmeral.com.tr\/?portfolio=ikranur-apartmani-3\">\n\t\t\t\t<span class=\"thumb-info thumb-info-no-borders thumb-info-lighten\">\n\t\t\t\t\t<span class=\"thumb-info-wrapper\">\n\t\t\t\t\t\t\t\t\t\t\t\t\t\t\t<img loading=\"lazy\" class=\"img-responsive\" src=\"https:\/\/www.tahirmeral.com.tr\/wp-content\/uploads\/2021\/04\/maslak-final2-367x367.jpeg\" alt=\"\" width=\"367\" height=\"367\" \/>\n\t\t\t\t\t\t\t\t\t\n\t\t\t\t\t\t\n\t\t\t\t\t\t\n\t\t\t\t\t\t\t\t\t\t\t\t\t\t\t\t<span class=\"thumb-info-title\">\n\n\t\t\t\t\t\t\t\t\t\t<span class=\"thumb-info-inner\">Maslak Cadde<\/span>\n\n\t\t\t\t\t\t\t\t\t\t\t\t\t\t\t\t\t\t\t\t\t<span class=\"thumb-info-type\">Tamamlanan Projeler<\/span>\n\t\t\t\t\t\t\t\t\t\t\n\t\t\t\t\t\t\t\t\t<\/span>\n\t\t\t\t\t\t\t\t\t\t\t\t\t\t\t\t\t\t\t\t\t\t\t\t\t\t\t\t\t\t\t<\/span>\n\t\t\t\t<\/span>\n\t\t\t<\/a>\n\t\t\t\t\t\t\t\t<\/div>\n\t<\/article>\n\t\t<article class=\"portfolio portfolio-grid portfolio-col-4 tamamlanan-projeler post-1021 type-portfolio status-publish has-post-thumbnail hentry portfolio_cat-tamamlanan-projeler\">\n\t\t<span class=\"entry-title\" style=\"display: none;\">Soft<\/span><span class=\"vcard\" style=\"display: none;\"><span class=\"fn\"><a href=\"https:\/\/www.tahirmeral.com.tr\/?author=2\" title=\"Mir Medya taraf\u0131ndan yaz\u0131lan yaz\u0131lar\" rel=\"author\">Mir Medya<\/a><\/span><\/span><span class=\"updated\" style=\"display:none\">2024-12-28T16:40:06+00:00<\/span>\t\t<div class=\"portfolio-item full\">\n\t\t\t\n\t\t\t<a class=\"text-decoration-none portfolio-link\" href=\"https:\/\/www.tahirmeral.com.tr\/?portfolio=ikranur-apartmani-2\">\n\t\t\t\t<span class=\"thumb-info thumb-info-no-borders thumb-info-lighten\">\n\t\t\t\t\t<span class=\"thumb-info-wrapper\">\n\t\t\t\t\t\t\t\t\t\t\t\t\t\t\t<img loading=\"lazy\" class=\"img-responsive\" src=\"https:\/\/www.tahirmeral.com.tr\/wp-content\/uploads\/2021\/04\/soft2-367x367.jpg\" alt=\"\" width=\"367\" height=\"367\" \/>\n\t\t\t\t\t\t\t\t\t\n\t\t\t\t\t\t\n\t\t\t\t\t\t\n\t\t\t\t\t\t\t\t\t\t\t\t\t\t\t\t<span class=\"thumb-info-title\">\n\n\t\t\t\t\t\t\t\t\t\t<span class=\"thumb-info-inner\">Soft<\/span>\n\n\t\t\t\t\t\t\t\t\t\t\t\t\t\t\t\t\t\t\t\t\t<span class=\"thumb-info-type\">Tamamlanan Projeler<\/span>\n\t\t\t\t\t\t\t\t\t\t\n\t\t\t\t\t\t\t\t\t<\/span>\n\t\t\t\t\t\t\t\t\t\t\t\t\t\t\t\t\t\t\t\t\t\t\t\t\t\t\t\t\t\t\t<\/span>\n\t\t\t\t<\/span>\n\t\t\t<\/a>\n\t\t\t\t\t\t\t\t<\/div>\n\t<\/article>\n\t\t<article class=\"portfolio portfolio-grid portfolio-col-4 tamamlanan-projeler post-907 type-portfolio status-publish has-post-thumbnail hentry portfolio_cat-tamamlanan-projeler\">\n\t\t<span class=\"entry-title\" style=\"display: none;\">\u0130kranur Apartman\u0131<\/span><span class=\"vcard\" style=\"display: none;\"><span class=\"fn\"><a href=\"https:\/\/www.tahirmeral.com.tr\/?author=1\" title=\"administrator taraf\u0131ndan yaz\u0131lan yaz\u0131lar\" rel=\"author\">administrator<\/a><\/span><\/span><span class=\"updated\" style=\"display:none\">2021-05-31T12:37:01+00:00<\/span>\t\t<div class=\"portfolio-item full\">\n\t\t\t\n\t\t\t<a class=\"text-decoration-none portfolio-link\" href=\"https:\/\/www.tahirmeral.com.tr\/?portfolio=ikranur-apartmani\">\n\t\t\t\t<span class=\"thumb-info thumb-info-no-borders thumb-info-lighten\">\n\t\t\t\t\t<span class=\"thumb-info-wrapper\">\n\t\t\t\t\t\t\t\t\t\t\t\t\t\t\t<img loading=\"lazy\" class=\"img-responsive\" src=\"https:\/\/www.tahirmeral.com.tr\/wp-content\/uploads\/2021\/04\/3279614_4-367x367.jpg\" alt=\"\" width=\"367\" height=\"367\" \/>\n\t\t\t\t\t\t\t\t\t\n\t\t\t\t\t\t\n\t\t\t\t\t\t\n\t\t\t\t\t\t\t\t\t\t\t\t\t\t\t\t<span class=\"thumb-info-title\">\n\n\t\t\t\t\t\t\t\t\t\t<span class=\"thumb-info-inner\">\u0130kranur Apartman\u0131<\/span>\n\n\t\t\t\t\t\t\t\t\t\t\t\t\t\t\t\t\t\t\t\t\t<span class=\"thumb-info-type\">Tamamlanan Projeler<\/span>\n\t\t\t\t\t\t\t\t\t\t\n\t\t\t\t\t\t\t\t\t<\/span>\n\t\t\t\t\t\t\t\t\t\t\t\t\t\t\t\t\t\t\t\t\t\t\t\t\t\t\t\t\t\t\t<\/span>\n\t\t\t\t<\/span>\n\t\t\t<\/a>\n\t\t\t\t\t\t\t\t<\/div>\n\t<\/article>\n\t\n\t\n\t\n\t\t<\/div>\n\n\t\n\t\n\t<\/div>\n\n\t\n\t\n\t<\/div>\t\t<\/div>\n\t\t\t\t<\/div>\n\t\t\t\t\t<\/div>\n\t\t<\/div>\n\t\t\t\t\t\t<\/div>\r\n\t\t\t\t<\/section>\r\n\t\t\t\t\t\t<\/div>\n\t\t\t\t\t<\/div>\n\t\t","protected":false},"excerpt":{"rendered":"<p>Do\u011fa Park Evleri2administrator2021-05-31T12:36:21+00:00 Do\u011fa Park Evleri2 Tamamlanan Projeler Caner Apartman\u0131administrator2021-05-31T12:36:18+00:00 Caner Apartman\u0131 Tamamlanan Projeler Asude Apartman\u0131administrator2021-05-31T12:36:38+00:00 Asude Apartman\u0131 Tamamlanan Projeler Baran Apartman\u0131administrator2021-05-31T12:36:51+00:00 Baran Apartman\u0131 Tamamlanan Projeler Nehir Apartman\u0131administrator2021-05-31T12:36:53+00:00 Nehir Apartman\u0131 Tamamlanan Projeler Do\u011fa Park Evleri 3administrator2021-05-31T12:36:55+00:00 Do\u011fa Park Evleri 3 Tamamlanan Projeler Do\u011fa Park Evleri1administrator2021-05-31T12:37:04+00:00 Do\u011fa Park Evleri1 Tamamlanan Projeler Kanyon AntepMir Medya2023-06-08T11:21:44+00:00 Kanyon Antep [&hellip;]<\/p>\n","protected":false},"author":1,"featured_media":0,"parent":0,"menu_order":0,"comment_status":"closed","ping_status":"closed","template":"","meta":{"ngg_post_thumbnail":0},"_links":{"self":[{"href":"https:\/\/www.tahirmeral.com.tr\/index.php?rest_route=\/wp\/v2\/pages\/865"}],"collection":[{"href":"https:\/\/www.tahirmeral.com.tr\/index.php?rest_route=\/wp\/v2\/pages"}],"about":[{"href":"https:\/\/www.tahirmeral.com.tr\/index.php?rest_route=\/wp\/v2\/types\/page"}],"author":[{"embeddable":true,"href":"https:\/\/www.tahirmeral.com.tr\/index.php?rest_route=\/wp\/v2\/users\/1"}],"replies":[{"embeddable":true,"href":"https:\/\/www.tahirmeral.com.tr\/index.php?rest_route=%2Fwp%2Fv2%2Fcomments&post=865"}],"version-history":[{"count":17,"href":"https:\/\/www.tahirmeral.com.tr\/index.php?rest_route=\/wp\/v2\/pages\/865\/revisions"}],"predecessor-version":[{"id":2050,"href":"https:\/\/www.tahirmeral.com.tr\/index.php?rest_route=\/wp\/v2\/pages\/865\/revisions\/2050"}],"wp:attachment":[{"href":"https:\/\/www.tahirmeral.com.tr\/index.php?rest_route=%2Fwp%2Fv2%2Fmedia&parent=865"}],"curies":[{"name":"wp","href":"https:\/\/api.w.org\/{rel}","templated":true}]}}