{"id":26,"date":"2017-01-19T14:00:20","date_gmt":"2017-01-19T14:00:20","guid":{"rendered":"http:\/\/sw-themes.com\/porto_dummy\/elementor\/business-consulting\/?page_id=26"},"modified":"2024-01-28T16:14:50","modified_gmt":"2024-01-28T16:14:50","slug":"iletisim","status":"publish","type":"page","link":"https:\/\/www.tahirmeral.com.tr\/?page_id=26","title":{"rendered":"\u0130leti\u015fim"},"content":{"rendered":"\t\t<div data-elementor-type=\"wp-page\" data-elementor-id=\"26\" class=\"elementor elementor-26\" data-elementor-settings=\"[]\">\n\t\t\t\t\t\t\t<div class=\"elementor-section-wrap\">\n\t\t\t\t\t\t\t<section class=\"elementor-section elementor-top-section elementor-element elementor-element-5e61b497 elementor-section-boxed elementor-section-height-default elementor-section-height-default\" data-id=\"5e61b497\" data-element_type=\"section\">\r\n\t\t\t\r\n\t\t\t\t\t\t\t\t\t<div class=\"elementor-container elementor-column-gap-default\">\r\n\t\t\t\t\t\t\t\t\t\t\t<div class=\"elementor-column elementor-col-66 elementor-top-column elementor-element elementor-element-31fa3ed elementor-invisible\" data-id=\"31fa3ed\" data-element_type=\"column\" data-settings=\"{&quot;animation&quot;:&quot;fadeIn&quot;,&quot;animation_delay&quot;:&quot;300&quot;}\">\n\t\t\t<div class=\"elementor-widget-wrap elementor-element-populated\">\n\t\t\t\t\t\t\t\t<div class=\"elementor-element elementor-element-f7f18ec elementor-widget elementor-widget-porto_ultimate_heading\" data-id=\"f7f18ec\" data-element_type=\"widget\" data-widget_type=\"porto_ultimate_heading.default\">\n\t\t\t\t<div class=\"elementor-widget-container\">\n\t\t\t<div class=\"porto-u-heading\" data-hspacer=\"no_spacer\" data-halign=\"left\" style=\"text-align:left\"><div class=\"porto-u-main-heading\"><h2  style=\"margin-bottom: 15px;\">- \u0130leti\u015fim Formu<\/h2><\/div><div class=\"porto-u-sub-heading\" style=\"\"><p class=\"text-4\">A\u015fa\u011f\u0131daki formu kullanarak bizimle ileti\u015fime ge\u00e7ebilirsiniz<\/p><\/div><\/div>\t\t<\/div>\n\t\t\t\t<\/div>\n\t\t\t\t<div class=\"elementor-element elementor-element-b35c92f elementor-widget elementor-widget-shortcode\" data-id=\"b35c92f\" data-element_type=\"widget\" data-widget_type=\"shortcode.default\">\n\t\t\t\t<div class=\"elementor-widget-container\">\n\t\t\t\t\t<div class=\"elementor-shortcode\"><div role=\"form\" class=\"wpcf7\" id=\"wpcf7-f751-o1\" lang=\"en-US\" dir=\"ltr\">\n<div class=\"screen-reader-response\"><p role=\"status\" aria-live=\"polite\" aria-atomic=\"true\"><\/p> <ul><\/ul><\/div>\n<form action=\"\/index.php?rest_route=%2Fwp%2Fv2%2Fpages%2F26#wpcf7-f751-o1\" method=\"post\" class=\"wpcf7-form init\" novalidate=\"novalidate\" data-status=\"init\">\n<div style=\"display: none;\">\n<input type=\"hidden\" name=\"_wpcf7\" value=\"751\" \/>\n<input type=\"hidden\" name=\"_wpcf7_version\" value=\"5.4.1\" \/>\n<input type=\"hidden\" name=\"_wpcf7_locale\" value=\"en_US\" \/>\n<input type=\"hidden\" name=\"_wpcf7_unit_tag\" value=\"wpcf7-f751-o1\" \/>\n<input type=\"hidden\" name=\"_wpcf7_container_post\" value=\"0\" \/>\n<input type=\"hidden\" name=\"_wpcf7_posted_data_hash\" value=\"\" \/>\n<\/div>\n<div class=\"form-group\">\n<div class=\"custom-input-box\">\n<i class=\"Simple-Line-Icons-user\"><\/i><span class=\"wpcf7-form-control-wrap your-name\"><input type=\"text\" name=\"your-name\" value=\"\" size=\"40\" class=\"wpcf7-form-control wpcf7-text wpcf7-validates-as-required form-control\" aria-required=\"true\" aria-invalid=\"false\" placeholder=\"Ad\u0131n\u0131z Soyad\u0131n\u0131z*\" \/><\/span>\n<\/div>\n<\/div>\n<div class=\"form-group\">\n<div class=\"custom-input-box\">\n<i class=\"Simple-Line-Icons-call-in\"><\/i><span class=\"wpcf7-form-control-wrap your-email\"><input type=\"text\" name=\"your-email\" value=\"\" size=\"40\" class=\"wpcf7-form-control wpcf7-text wpcf7-validates-as-required form-control\" aria-required=\"true\" aria-invalid=\"false\" placeholder=\"Telefon Numaran\u0131z*\" \/><\/span>\n<\/div>\n<\/div>\n<div class=\"form-group\">\n<div class=\"custom-input-box\">\n<i class=\"Simple-Line-Icons-bubble\"><\/i><span class=\"wpcf7-form-control-wrap your-message\"><textarea name=\"your-message\" cols=\"40\" rows=\"10\" class=\"wpcf7-form-control wpcf7-textarea wpcf7-validates-as-required form-control\" aria-required=\"true\" aria-invalid=\"false\" placeholder=\"Mesaj\u0131n\u0131z*\"><\/textarea><\/span>\n<\/div>\n<\/div>\n<div class=\"submit-btn\"><input type=\"submit\" value=\"G\u00d6NDER\" class=\"wpcf7-form-control wpcf7-submit btn btn-borders btn-lg btn-primary font-weight-semibold\" \/><\/div>\n<div class=\"wpcf7-response-output\" aria-hidden=\"true\"><\/div><\/form><\/div><\/div>\n\t\t\t\t<\/div>\n\t\t\t\t<\/div>\n\t\t\t\t\t<\/div>\n\t\t<\/div>\n\t\t\t\t<div class=\"elementor-column elementor-col-33 elementor-top-column elementor-element elementor-element-a6c278e elementor-invisible\" data-id=\"a6c278e\" data-element_type=\"column\" data-settings=\"{&quot;animation&quot;:&quot;fadeIn&quot;,&quot;animation_delay&quot;:&quot;300&quot;}\">\n\t\t\t<div class=\"elementor-widget-wrap elementor-element-populated\">\n\t\t\t\t\t\t\t\t<div class=\"elementor-element elementor-element-611bca1 elementor-widget elementor-widget-porto_info_box\" data-id=\"611bca1\" data-element_type=\"widget\" data-widget_type=\"porto_info_box.default\">\n\t\t\t\t<div class=\"elementor-widget-container\">\n\t\t\t<div class=\"porto-sicon-box style_1 left-icon\"><div class=\"porto-sicon-left\"><div id=\"porto-icon-23825920869f31cc2b5efc\" class=\"porto-just-icon-wrapper\" style=\"text-align:center;\"><div class=\"porto-icon none\" style=\"display:inline-block;\"><i class=\"Simple-Line-Icons-location-pin\"><\/i><\/div><\/div><\/div><div class=\"porto-sicon-body\"><div class=\"porto-sicon-header\"><h3 class=\"porto-sicon-title\" style=\"\">-SATI\u015e OF\u0130SLER\u0130M\u0130Z<\/h3><\/div> <!-- header --><div class=\"porto-sicon-description\" style=\"\" ><p class=\"text-4\"><strong>MERKEZ OF\u0130S<\/strong><br \/>15 Temmuz Mah. Abdulkadir Aksu Bulv. No: 130 E-B \u015eehitk\u00e2mil \/ GAZ\u0130ANTEP<\/p><p class=\"text-4\">\u00a0<\/p><\/div> <!-- description --><\/div><\/div><!-- porto-sicon-box -->\t\t<\/div>\n\t\t\t\t<\/div>\n\t\t\t\t<div class=\"elementor-element elementor-element-64ff7da elementor-widget elementor-widget-porto_info_box\" data-id=\"64ff7da\" data-element_type=\"widget\" data-widget_type=\"porto_info_box.default\">\n\t\t\t\t<div class=\"elementor-widget-container\">\n\t\t\t<div class=\"porto-sicon-box style_1 left-icon\"><div class=\"porto-sicon-left\"><div id=\"porto-icon-134053407269f31cc2b6f0d\" class=\"porto-just-icon-wrapper\" style=\"text-align:center;\"><div class=\"porto-icon none\" style=\"display:inline-block;\"><i class=\"porto-icon-phone-1\"><\/i><\/div><\/div><\/div><div class=\"porto-sicon-body\"><div class=\"porto-sicon-header\"><h3 class=\"porto-sicon-title\" style=\"\">- Telefonlar\u0131m\u0131z<\/h3><\/div> <!-- header --><div class=\"porto-sicon-description\" style=\"\" >Sabit\n<p class=\"text-4\">0(342) 360 7 360<\/p>\nGsm\n<p class=\"text-4\">0 (530) 724 36 01<\/p><\/div> <!-- description --><\/div><\/div><!-- porto-sicon-box -->\t\t<\/div>\n\t\t\t\t<\/div>\n\t\t\t\t<div class=\"elementor-element elementor-element-9fb35de elementor-widget elementor-widget-porto_info_box\" data-id=\"9fb35de\" data-element_type=\"widget\" data-widget_type=\"porto_info_box.default\">\n\t\t\t\t<div class=\"elementor-widget-container\">\n\t\t\t<div class=\"porto-sicon-box style_1 left-icon\"><div class=\"porto-sicon-left\"><div id=\"porto-icon-212673548369f31cc2b7dcc\" class=\"porto-just-icon-wrapper\" style=\"text-align:center;\"><div class=\"porto-icon none\" style=\"display:inline-block;\"><i class=\"Simple-Line-Icons-envelope\"><\/i><\/div><\/div><\/div><div class=\"porto-sicon-body\"><div class=\"porto-sicon-header\"><h3 class=\"porto-sicon-title\" style=\"\">- Email<\/h3><\/div> <!-- header --><div class=\"porto-sicon-description\" style=\"\" ><p class=\"text-4\"><a class=\"text-decoration-none\" href=\"mailto:info@tahirmeral.com.tr\">info@tahirmeral.com.tr<\/a>\n<\/p><\/div> <!-- description --><\/div><\/div><!-- porto-sicon-box -->\t\t<\/div>\n\t\t\t\t<\/div>\n\t\t\t\t\t<\/div>\n\t\t<\/div>\n\t\t\t\t\t\t<\/div>\r\n\t\t\t\t<\/section>\r\n\t\t\t\t<section class=\"elementor-section elementor-top-section elementor-element elementor-element-c42b03a elementor-section-full_width elementor-section-height-default elementor-section-height-default elementor-invisible\" data-id=\"c42b03a\" data-element_type=\"section\" data-settings=\"{&quot;animation&quot;:&quot;fadeIn&quot;,&quot;animation_delay&quot;:&quot;300&quot;}\">\r\n\t\t\t\r\n\t\t\t\t\t\t\t\t\t<div class=\"elementor-container elementor-column-gap-no\">\r\n\t\t\t\t\t\t\t\t\t\t\t<div class=\"elementor-column elementor-col-100 elementor-top-column elementor-element elementor-element-fdd8056\" data-id=\"fdd8056\" data-element_type=\"column\">\n\t\t\t<div class=\"elementor-widget-wrap elementor-element-populated\">\n\t\t\t\t\t\t\t\t<div class=\"elementor-element elementor-element-81742f7 elementor-widget elementor-widget-google_maps\" data-id=\"81742f7\" data-element_type=\"widget\" data-widget_type=\"google_maps.default\">\n\t\t\t\t<div class=\"elementor-widget-container\">\n\t\t\t<div class=\"elementor-custom-embed\"><iframe frameborder=\"0\" scrolling=\"no\" marginheight=\"0\" marginwidth=\"0\" src=\"https:\/\/maps.google.com\/maps?q=Tahir%20Meral%20in%C5%9Faat&amp;t=m&amp;z=16&amp;output=embed&amp;iwloc=near\" title=\"Tahir Meral in\u015faat\" aria-label=\"Tahir Meral in\u015faat\"><\/iframe><\/div>\t\t<\/div>\n\t\t\t\t<\/div>\n\t\t\t\t\t<\/div>\n\t\t<\/div>\n\t\t\t\t\t\t<\/div>\r\n\t\t\t\t<\/section>\r\n\t\t\t\t\t\t<\/div>\n\t\t\t\t\t<\/div>\n\t\t","protected":false},"excerpt":{"rendered":"<p>&#8211; \u0130leti\u015fim Formu A\u015fa\u011f\u0131daki formu kullanarak bizimle ileti\u015fime ge\u00e7ebilirsiniz -SATI\u015e OF\u0130SLER\u0130M\u0130Z MERKEZ OF\u0130S15 Temmuz Mah. Abdulkadir Aksu Bulv. No: 130 E-B \u015eehitk\u00e2mil \/ GAZ\u0130ANTEP \u00a0 &#8211; Telefonlar\u0131m\u0131z Sabit 0(342) 360 7 360 Gsm 0 (530) 724 36 01 &#8211; Email info@tahirmeral.com.tr<\/p>\n","protected":false},"author":1,"featured_media":0,"parent":0,"menu_order":0,"comment_status":"closed","ping_status":"closed","template":"","meta":{"ngg_post_thumbnail":0},"_links":{"self":[{"href":"https:\/\/www.tahirmeral.com.tr\/index.php?rest_route=\/wp\/v2\/pages\/26"}],"collection":[{"href":"https:\/\/www.tahirmeral.com.tr\/index.php?rest_route=\/wp\/v2\/pages"}],"about":[{"href":"https:\/\/www.tahirmeral.com.tr\/index.php?rest_route=\/wp\/v2\/types\/page"}],"author":[{"embeddable":true,"href":"https:\/\/www.tahirmeral.com.tr\/index.php?rest_route=\/wp\/v2\/users\/1"}],"replies":[{"embeddable":true,"href":"https:\/\/www.tahirmeral.com.tr\/index.php?rest_route=%2Fwp%2Fv2%2Fcomments&post=26"}],"version-history":[{"count":31,"href":"https:\/\/www.tahirmeral.com.tr\/index.php?rest_route=\/wp\/v2\/pages\/26\/revisions"}],"predecessor-version":[{"id":2103,"href":"https:\/\/www.tahirmeral.com.tr\/index.php?rest_route=\/wp\/v2\/pages\/26\/revisions\/2103"}],"wp:attachment":[{"href":"https:\/\/www.tahirmeral.com.tr\/index.php?rest_route=%2Fwp%2Fv2%2Fmedia&parent=26"}],"curies":[{"name":"wp","href":"https:\/\/api.w.org\/{rel}","templated":true}]}}