{"id":1371,"date":"2021-04-24T14:57:51","date_gmt":"2021-04-24T14:57:51","guid":{"rendered":"https:\/\/www.tahirmeral.com.tr\/?page_id=1371"},"modified":"2021-04-24T15:16:45","modified_gmt":"2021-04-24T15:16:45","slug":"vizyonumuz","status":"publish","type":"page","link":"https:\/\/www.tahirmeral.com.tr\/?page_id=1371","title":{"rendered":"Misyon &#8211; Vizyon"},"content":{"rendered":"\t\t<div data-elementor-type=\"wp-page\" data-elementor-id=\"1371\" class=\"elementor elementor-1371\" data-elementor-settings=\"[]\">\n\t\t\t\t\t\t\t<div class=\"elementor-section-wrap\">\n\t\t\t\t\t\t\t<section class=\"elementor-section elementor-top-section elementor-element elementor-element-a345779 elementor-section-boxed elementor-section-height-default elementor-section-height-default elementor-invisible\" data-id=\"a345779\" data-element_type=\"section\" data-settings=\"{&quot;animation&quot;:&quot;fadeIn&quot;,&quot;animation_delay&quot;:&quot;300&quot;}\">\r\n\t\t\t\r\n\t\t\t\t\t\t\t\t\t<div class=\"elementor-container elementor-column-gap-default\">\r\n\t\t\t\t\t\t\t\t\t\t\t<div class=\"elementor-column elementor-col-100 elementor-top-column elementor-element elementor-element-2ab2b6b\" data-id=\"2ab2b6b\" data-element_type=\"column\">\n\t\t\t<div class=\"elementor-widget-wrap elementor-element-populated\">\n\t\t\t\t\t\t\t\t<div class=\"elementor-element elementor-element-9dc9222 elementor-widget elementor-widget-html\" data-id=\"9dc9222\" data-element_type=\"widget\" data-widget_type=\"html.default\">\n\t\t\t\t<div class=\"elementor-widget-container\">\n\t\t\t<p>Misyonumuz;\n<\/p>\n<p>\nMisyonumuz\nHuzur veren ya\u015fam alanlar\u0131 in\u015fa etmek <br>\n\n\n<\/p>\t\t<\/div>\n\t\t\t\t<\/div>\n\t\t\t\t\t<\/div>\n\t\t<\/div>\n\t\t\t\t\t\t<\/div>\r\n\t\t\t\t<\/section>\r\n\t\t\t\t<section class=\"elementor-section elementor-top-section elementor-element elementor-element-02bac50 elementor-section-boxed elementor-section-height-default elementor-section-height-default elementor-invisible\" data-id=\"02bac50\" data-element_type=\"section\" data-settings=\"{&quot;animation&quot;:&quot;fadeIn&quot;,&quot;animation_delay&quot;:&quot;300&quot;}\">\r\n\t\t\t\r\n\t\t\t\t\t\t\t\t\t<div class=\"elementor-container elementor-column-gap-default\">\r\n\t\t\t\t\t\t\t\t\t\t\t<div class=\"elementor-column elementor-col-100 elementor-top-column elementor-element elementor-element-d3f49d9\" data-id=\"d3f49d9\" data-element_type=\"column\">\n\t\t\t<div class=\"elementor-widget-wrap elementor-element-populated\">\n\t\t\t\t\t\t\t\t<div class=\"elementor-element elementor-element-fff1105 elementor-widget elementor-widget-html\" data-id=\"fff1105\" data-element_type=\"widget\" data-widget_type=\"html.default\">\n\t\t\t\t<div class=\"elementor-widget-container\">\n\t\t\t<p>Vizyonumuz;\n<\/p>\n<p>\nK\u00f6kl\u00fc deneyimlerle hizmet verdi\u011fimiz in\u015faat sekt\u00f6r\u00fcnde tamamlad\u0131\u011f\u0131m\u0131z her yeni projeyle, kurumsal kimli\u011fimizi bir ad\u0131m daha ileriye ta\u015f\u0131rken, Hizmet ula\u015ft\u0131rd\u0131\u011f\u0131m\u0131z her yeni kurum ve bireyleri sa\u011flayaca\u011f\u0131m\u0131z m\u00fc\u015fteri memnuniyeti ile de\u011fer zincirimizin vazge\u00e7ilmez bir par\u00e7as\u0131 olarak aram\u0131za katmakt\u0131r.<\/p>\t\t<\/div>\n\t\t\t\t<\/div>\n\t\t\t\t\t<\/div>\n\t\t<\/div>\n\t\t\t\t\t\t<\/div>\r\n\t\t\t\t<\/section>\r\n\t\t\t\t\t\t<\/div>\n\t\t\t\t\t<\/div>\n\t\t","protected":false},"excerpt":{"rendered":"<p>Misyonumuz; Misyonumuz Huzur veren ya\u015fam alanlar\u0131 in\u015fa etmek Vizyonumuz; K\u00f6kl\u00fc deneyimlerle hizmet verdi\u011fimiz in\u015faat sekt\u00f6r\u00fcnde tamamlad\u0131\u011f\u0131m\u0131z her yeni projeyle, kurumsal kimli\u011fimizi bir ad\u0131m daha ileriye ta\u015f\u0131rken, Hizmet ula\u015ft\u0131rd\u0131\u011f\u0131m\u0131z her yeni kurum ve bireyleri sa\u011flayaca\u011f\u0131m\u0131z m\u00fc\u015fteri memnuniyeti ile de\u011fer zincirimizin vazge\u00e7ilmez bir par\u00e7as\u0131 olarak aram\u0131za katmakt\u0131r.<\/p>\n","protected":false},"author":1,"featured_media":0,"parent":0,"menu_order":0,"comment_status":"closed","ping_status":"closed","template":"","meta":{"ngg_post_thumbnail":0},"_links":{"self":[{"href":"https:\/\/www.tahirmeral.com.tr\/index.php?rest_route=\/wp\/v2\/pages\/1371"}],"collection":[{"href":"https:\/\/www.tahirmeral.com.tr\/index.php?rest_route=\/wp\/v2\/pages"}],"about":[{"href":"https:\/\/www.tahirmeral.com.tr\/index.php?rest_route=\/wp\/v2\/types\/page"}],"author":[{"embeddable":true,"href":"https:\/\/www.tahirmeral.com.tr\/index.php?rest_route=\/wp\/v2\/users\/1"}],"replies":[{"embeddable":true,"href":"https:\/\/www.tahirmeral.com.tr\/index.php?rest_route=%2Fwp%2Fv2%2Fcomments&post=1371"}],"version-history":[{"count":8,"href":"https:\/\/www.tahirmeral.com.tr\/index.php?rest_route=\/wp\/v2\/pages\/1371\/revisions"}],"predecessor-version":[{"id":1380,"href":"https:\/\/www.tahirmeral.com.tr\/index.php?rest_route=\/wp\/v2\/pages\/1371\/revisions\/1380"}],"wp:attachment":[{"href":"https:\/\/www.tahirmeral.com.tr\/index.php?rest_route=%2Fwp%2Fv2%2Fmedia&parent=1371"}],"curies":[{"name":"wp","href":"https:\/\/api.w.org\/{rel}","templated":true}]}}